{"id":541,"date":"2018-11-27T09:17:08","date_gmt":"2018-11-27T09:17:08","guid":{"rendered":"https:\/\/flowerdesignmagnolia.fi\/index.php\/about\/"},"modified":"2021-09-19T17:23:41","modified_gmt":"2021-09-19T17:23:41","slug":"about","status":"publish","type":"page","link":"https:\/\/flowerdesignmagnolia.fi\/index.php\/about\/","title":{"rendered":"About"},"content":{"rendered":"\t\t<div data-elementor-type=\"wp-post\" data-elementor-id=\"541\" class=\"elementor elementor-541\" data-elementor-settings=\"[]\">\n\t\t\t\t\t\t\t<div class=\"elementor-section-wrap\">\n\t\t\t\t\t\t\t<section class=\"elementor-section elementor-top-section elementor-element elementor-element-d7d8b56 elementor-section-boxed elementor-section-height-default elementor-section-height-default\" data-id=\"d7d8b56\" data-element_type=\"section\" data-settings=\"{&quot;background_background&quot;:&quot;classic&quot;}\">\n\t\t\t\t\t\t\t<div class=\"elementor-background-overlay\"><\/div>\n\t\t\t\t\t\t\t<div class=\"elementor-container elementor-column-gap-default\">\n\t\t\t\t\t<div class=\"elementor-column elementor-col-100 elementor-top-column elementor-element elementor-element-fd69444\" data-id=\"fd69444\" data-element_type=\"column\">\n\t\t\t<div class=\"elementor-widget-wrap elementor-element-populated\">\n\t\t\t\t\t\t\t\t<div class=\"elementor-element elementor-element-abcc2f2 elementor-invisible elementor-widget elementor-widget-heading\" data-id=\"abcc2f2\" data-element_type=\"widget\" data-settings=\"{&quot;_animation&quot;:&quot;fadeInUp&quot;}\" data-widget_type=\"heading.default\">\n\t\t\t\t<div class=\"elementor-widget-container\">\n\t\t\t<h1 class=\"elementor-heading-title elementor-size-default\">tarinani<\/h1>\t\t<\/div>\n\t\t\t\t<\/div>\n\t\t\t\t\t<\/div>\n\t\t<\/div>\n\t\t\t\t\t\t\t<\/div>\n\t\t<\/section>\n\t\t\t\t<section class=\"elementor-section elementor-top-section elementor-element elementor-element-5c40d7b elementor-section-boxed elementor-section-height-default elementor-section-height-default\" data-id=\"5c40d7b\" data-element_type=\"section\">\n\t\t\t\t\t\t<div class=\"elementor-container elementor-column-gap-default\">\n\t\t\t\t\t<div class=\"elementor-column elementor-col-50 elementor-top-column elementor-element elementor-element-2ebbf9c\" data-id=\"2ebbf9c\" data-element_type=\"column\">\n\t\t\t<div class=\"elementor-widget-wrap elementor-element-populated\">\n\t\t\t\t\t\t\t\t<div class=\"elementor-element elementor-element-fe195c7 elementor-widget elementor-widget-heading\" data-id=\"fe195c7\" data-element_type=\"widget\" data-widget_type=\"heading.default\">\n\t\t\t\t<div class=\"elementor-widget-container\">\n\t\t\t<h2 class=\"elementor-heading-title elementor-size-default\">Floristi Katri Triipponen<\/h2>\t\t<\/div>\n\t\t\t\t<\/div>\n\t\t\t\t<div class=\"elementor-element elementor-element-dc051dd elementor-widget-divider--view-line elementor-widget elementor-widget-divider\" data-id=\"dc051dd\" data-element_type=\"widget\" data-widget_type=\"divider.default\">\n\t\t\t\t<div class=\"elementor-widget-container\">\n\t\t\t\t\t<div class=\"elementor-divider\">\n\t\t\t<span class=\"elementor-divider-separator\">\n\t\t\t\t\t\t<\/span>\n\t\t<\/div>\n\t\t\t\t<\/div>\n\t\t\t\t<\/div>\n\t\t\t\t<div class=\"elementor-element elementor-element-e5f497e elementor-widget elementor-widget-text-editor\" data-id=\"e5f497e\" data-element_type=\"widget\" data-widget_type=\"text-editor.default\">\n\t\t\t\t<div class=\"elementor-widget-container\">\n\t\t\t\t\t\t\t<p>Hei! Olen Katri Triipponen ja valmistunut floristiksi Tuorlasta vuonna 2011. Yritykseni Flower design Magnolian perustin vuonna 2012. Olen ty\u00f6skennellyt&nbsp; varhaiskasvatuksen opettajana parin vuosikymmenen ajan. Lapset ovat l\u00e4hell\u00e4 syd\u00e4nt\u00e4ni.<\/p>\n<p><span style=\"background-color: rgba(255, 255, 255, 0); font-style: inherit; font-weight: inherit;\">Teen kukkia arkeen ja juhlaan tilausty\u00f6n\u00e4, ty\u00f6huoneellani Raisiossa. Asiakkaan toiveiden kuunteleminen on minulle erityisen t\u00e4rke\u00e4\u00e4 .&nbsp;<\/span><\/p>\n<p><span style=\"font-style: inherit; font-weight: inherit; background-color: rgba(255, 255, 255, 0);\">Mets\u00e4 ja saaristo ovat minulle rakkaita. K\u00e4yt\u00e4n kukkat\u00f6iss\u00e4ni paljon luonnonmateriaaleja ja sidontaty\u00f6ni ovat runsaita ja luonnonmukaisia. Rakastan kukkia ja luovaa ty\u00f6skentely\u00e4 niiden kanssa. Haluan luoda t\u00f6ist\u00e4ni persoonallisia.<\/span><\/p>\n<p><span style=\"font-style: inherit; font-weight: inherit; background-color: rgba(255, 255, 255, 0);\">Ota yhteytt\u00e4, niin suunnitellaan yhdess\u00e4 kauniit kukat juuri sinun tarpeisiisi!<\/span><\/p>\n<p><br><\/p>\n<p style=\"font-size: 16px; font-style: normal;\"><b>Yhteystiedot<\/b><\/p>\n<p style=\"font-size: 16px; font-style: normal; font-weight: 400;\">Puh. nro. +358 40 521 4750<\/p>\n<p style=\"font-size: 16px; font-style: normal; font-weight: 400;\">S\u00e4hk\u00f6posti: fdmagnolia@gmail.com<\/p>\n<p style=\"font-size: 16px; font-style: normal; font-weight: 400;\"><br><\/p>\t\t\t\t\t\t<\/div>\n\t\t\t\t<\/div>\n\t\t\t\t\t<\/div>\n\t\t<\/div>\n\t\t\t\t<div class=\"elementor-column elementor-col-50 elementor-top-column elementor-element elementor-element-e5fdae0\" data-id=\"e5fdae0\" data-element_type=\"column\">\n\t\t\t<div class=\"elementor-widget-wrap elementor-element-populated\">\n\t\t\t\t\t\t\t\t<div class=\"elementor-element elementor-element-96b5b53 elementor-widget elementor-widget-image\" data-id=\"96b5b53\" data-element_type=\"widget\" data-widget_type=\"image.default\">\n\t\t\t\t<div class=\"elementor-widget-container\">\n\t\t\t\t\t\t\t\t\t\t\t\t\t\t\t<img decoding=\"async\" loading=\"lazy\" width=\"1920\" height=\"2560\" src=\"https:\/\/flowerdesignmagnolia.fi\/wp-content\/uploads\/2021\/08\/IMG_4723-scaled.jpg\" class=\"attachment-full size-full\" alt=\"\" srcset=\"https:\/\/flowerdesignmagnolia.fi\/wp-content\/uploads\/2021\/08\/IMG_4723-scaled.jpg 1920w, https:\/\/flowerdesignmagnolia.fi\/wp-content\/uploads\/2021\/08\/IMG_4723-225x300.jpg 225w, https:\/\/flowerdesignmagnolia.fi\/wp-content\/uploads\/2021\/08\/IMG_4723-768x1024.jpg 768w, https:\/\/flowerdesignmagnolia.fi\/wp-content\/uploads\/2021\/08\/IMG_4723-1152x1536.jpg 1152w, https:\/\/flowerdesignmagnolia.fi\/wp-content\/uploads\/2021\/08\/IMG_4723-1536x2048.jpg 1536w\" sizes=\"(max-width: 1920px) 100vw, 1920px\" \/>\t\t\t\t\t\t\t\t\t\t\t\t\t\t\t<\/div>\n\t\t\t\t<\/div>\n\t\t\t\t\t<\/div>\n\t\t<\/div>\n\t\t\t\t\t\t\t<\/div>\n\t\t<\/section>\n\t\t\t\t\t\t<\/div>\n\t\t\t\t\t<\/div>\n\t\t","protected":false},"excerpt":{"rendered":"<p>tarinani Floristi Katri Triipponen Hei! Olen Katri Triipponen ja valmistunut floristiksi Tuorlasta vuonna 2011. Yritykseni Flower design Magnolian perustin vuonna 2012. Olen ty\u00f6skennellyt&nbsp; varhaiskasvatuksen opettajana parin vuosikymmenen ajan. Lapset ovat l\u00e4hell\u00e4 syd\u00e4nt\u00e4ni. Teen kukkia arkeen ja juhlaan tilausty\u00f6n\u00e4, ty\u00f6huoneellani Raisiossa. Asiakkaan toiveiden kuunteleminen on minulle erityisen t\u00e4rke\u00e4\u00e4 .&nbsp; Mets\u00e4 ja saaristo ovat minulle rakkaita. K\u00e4yt\u00e4n &hellip;<\/p>\n<p class=\"read-more\"> <a class=\"\" href=\"https:\/\/flowerdesignmagnolia.fi\/index.php\/about\/\"> <span class=\"screen-reader-text\">About<\/span> Lue lis\u00e4\u00e4 &raquo;<\/a><\/p>\n","protected":false},"author":1,"featured_media":0,"parent":0,"menu_order":0,"comment_status":"closed","ping_status":"closed","template":"","meta":{"footnotes":""},"_links":{"self":[{"href":"https:\/\/flowerdesignmagnolia.fi\/index.php\/wp-json\/wp\/v2\/pages\/541"}],"collection":[{"href":"https:\/\/flowerdesignmagnolia.fi\/index.php\/wp-json\/wp\/v2\/pages"}],"about":[{"href":"https:\/\/flowerdesignmagnolia.fi\/index.php\/wp-json\/wp\/v2\/types\/page"}],"author":[{"embeddable":true,"href":"https:\/\/flowerdesignmagnolia.fi\/index.php\/wp-json\/wp\/v2\/users\/1"}],"replies":[{"embeddable":true,"href":"https:\/\/flowerdesignmagnolia.fi\/index.php\/wp-json\/wp\/v2\/comments?post=541"}],"version-history":[{"count":81,"href":"https:\/\/flowerdesignmagnolia.fi\/index.php\/wp-json\/wp\/v2\/pages\/541\/revisions"}],"predecessor-version":[{"id":1856,"href":"https:\/\/flowerdesignmagnolia.fi\/index.php\/wp-json\/wp\/v2\/pages\/541\/revisions\/1856"}],"wp:attachment":[{"href":"https:\/\/flowerdesignmagnolia.fi\/index.php\/wp-json\/wp\/v2\/media?parent=541"}],"curies":[{"name":"wp","href":"https:\/\/api.w.org\/{rel}","templated":true}]}}