{"id":685,"date":"2021-08-31T12:21:42","date_gmt":"2021-08-31T12:21:42","guid":{"rendered":"https:\/\/flowerdesignmagnolia.fi\/?page_id=685"},"modified":"2023-11-16T13:05:03","modified_gmt":"2023-11-16T13:05:03","slug":"ristiaiskukat","status":"publish","type":"page","link":"https:\/\/flowerdesignmagnolia.fi\/index.php\/ristiaiskukat\/","title":{"rendered":"Risti\u00e4iskukat"},"content":{"rendered":"\t\t<div data-elementor-type=\"wp-page\" data-elementor-id=\"685\" class=\"elementor elementor-685\" data-elementor-settings=\"[]\">\n\t\t\t\t\t\t\t<div class=\"elementor-section-wrap\">\n\t\t\t\t\t\t\t<section class=\"elementor-section elementor-top-section elementor-element elementor-element-191687ac elementor-section-boxed elementor-section-height-default elementor-section-height-default\" data-id=\"191687ac\" data-element_type=\"section\" data-settings=\"{&quot;background_background&quot;:&quot;classic&quot;}\">\n\t\t\t\t\t\t\t<div class=\"elementor-background-overlay\"><\/div>\n\t\t\t\t\t\t\t<div class=\"elementor-container elementor-column-gap-default\">\n\t\t\t\t\t<div class=\"elementor-column elementor-col-100 elementor-top-column elementor-element elementor-element-50f07383\" data-id=\"50f07383\" data-element_type=\"column\">\n\t\t\t<div class=\"elementor-widget-wrap elementor-element-populated\">\n\t\t\t\t\t\t\t\t<div class=\"elementor-element elementor-element-303a0472 elementor-invisible elementor-widget elementor-widget-heading\" data-id=\"303a0472\" data-element_type=\"widget\" data-settings=\"{&quot;_animation&quot;:&quot;fadeInUp&quot;}\" data-widget_type=\"heading.default\">\n\t\t\t\t<div class=\"elementor-widget-container\">\n\t\t\t<h2 class=\"elementor-heading-title elementor-size-large\">risti\u00e4iskukat<\/h2>\t\t<\/div>\n\t\t\t\t<\/div>\n\t\t\t\t\t<\/div>\n\t\t<\/div>\n\t\t\t\t\t\t\t<\/div>\n\t\t<\/section>\n\t\t\t\t<section class=\"elementor-section elementor-top-section elementor-element elementor-element-71524ae elementor-section-boxed elementor-section-height-default elementor-section-height-default\" data-id=\"71524ae\" data-element_type=\"section\">\n\t\t\t\t\t\t<div class=\"elementor-container elementor-column-gap-default\">\n\t\t\t\t\t<div class=\"elementor-column elementor-col-100 elementor-top-column elementor-element elementor-element-40d74ae\" data-id=\"40d74ae\" data-element_type=\"column\">\n\t\t\t<div class=\"elementor-widget-wrap elementor-element-populated\">\n\t\t\t\t\t\t\t\t<div class=\"elementor-element elementor-element-d6fa9e1 elementor-widget elementor-widget-heading\" data-id=\"d6fa9e1\" data-element_type=\"widget\" data-widget_type=\"heading.default\">\n\t\t\t\t<div class=\"elementor-widget-container\">\n\t\t\t<h2 class=\"elementor-heading-title elementor-size-default\">Kukat tekev\u00e4t pienen ihmisen syntym\u00e4juhlasta kauniin ja persoonallisen.<\/h2>\t\t<\/div>\n\t\t\t\t<\/div>\n\t\t\t\t<div class=\"elementor-element elementor-element-687c16d elementor-widget elementor-widget-heading\" data-id=\"687c16d\" data-element_type=\"widget\" data-widget_type=\"heading.default\">\n\t\t\t\t<div class=\"elementor-widget-container\">\n\t\t\t<h2 class=\"elementor-heading-title elementor-size-default\">kastekranssit<\/h2>\t\t<\/div>\n\t\t\t\t<\/div>\n\t\t\t\t<div class=\"elementor-element elementor-element-1ec1a54 elementor-widget elementor-widget-text-editor\" data-id=\"1ec1a54\" data-element_type=\"widget\" data-widget_type=\"text-editor.default\">\n\t\t\t\t<div class=\"elementor-widget-container\">\n\t\t\t\t\t\t\t<p>Hinnat alk. 50 euroa<\/p>\t\t\t\t\t\t<\/div>\n\t\t\t\t<\/div>\n\t\t\t\t<div class=\"elementor-element elementor-element-b8b4112 elementor-pagination-position-outside elementor-widget elementor-widget-image-carousel\" data-id=\"b8b4112\" data-element_type=\"widget\" data-settings=\"{&quot;slides_to_show&quot;:&quot;3&quot;,&quot;slides_to_scroll&quot;:&quot;1&quot;,&quot;navigation&quot;:&quot;dots&quot;,&quot;slides_to_show_tablet&quot;:&quot;2&quot;,&quot;slides_to_show_mobile&quot;:&quot;1&quot;,&quot;autoplay&quot;:&quot;no&quot;,&quot;infinite&quot;:&quot;no&quot;,&quot;speed&quot;:500,&quot;image_spacing_custom&quot;:{&quot;unit&quot;:&quot;px&quot;,&quot;size&quot;:20,&quot;sizes&quot;:[]}}\" data-widget_type=\"image-carousel.default\">\n\t\t\t\t<div class=\"elementor-widget-container\">\n\t\t\t\t\t<div class=\"elementor-image-carousel-wrapper swiper-container\" dir=\"ltr\">\n\t\t\t<div class=\"elementor-image-carousel swiper-wrapper swiper-image-stretch\">\n\t\t\t\t\t\t\t\t<div class=\"swiper-slide\"><figure class=\"swiper-slide-inner\"><img decoding=\"async\" class=\"swiper-slide-image\" src=\"https:\/\/flowerdesignmagnolia.fi\/wp-content\/uploads\/elementor\/thumbs\/DSC_0076-1-scaled-pd8omiah9x7xjlieq1v09n8sd9ixtuqxg0esf7z2u0.jpg\" alt=\"DSC_0076 (1)\" \/><\/figure><\/div><div class=\"swiper-slide\"><figure class=\"swiper-slide-inner\"><img decoding=\"async\" class=\"swiper-slide-image\" src=\"https:\/\/flowerdesignmagnolia.fi\/wp-content\/uploads\/elementor\/thumbs\/DSC_0057-1-scaled-pd6v524ilg1t73u5kj4o81fhen3bq6u6zpzoz1dyc8.jpg\" alt=\"DSC_0057\" \/><\/figure><\/div><div class=\"swiper-slide\"><figure class=\"swiper-slide-inner\"><img decoding=\"async\" class=\"swiper-slide-image\" src=\"https:\/\/flowerdesignmagnolia.fi\/wp-content\/uploads\/elementor\/thumbs\/DSC_0141-1-2-scaled-pd6v7stkj1sx25usk7shzuivs3kv6eq0dahod3bm6w.jpg\" alt=\"DSC_0141 (1)\" \/><\/figure><\/div><div class=\"swiper-slide\"><figure class=\"swiper-slide-inner\"><img decoding=\"async\" class=\"swiper-slide-image\" src=\"https:\/\/flowerdesignmagnolia.fi\/wp-content\/uploads\/elementor\/thumbs\/DSC_0152-2-1-scaled-pd6v9nk40ac9yh5uqin0evolygfxcx2yagt5fqknx4.jpg\" alt=\"DSC_0152 (2)\" \/><\/figure><\/div>\t\t\t<\/div>\n\t\t\t\t\t\t\t\t\t\t\t\t<div class=\"swiper-pagination\"><\/div>\n\t\t\t\t\t\t\t\t\t\t\t\t\t<\/div>\n\t\t\t\t<\/div>\n\t\t\t\t<\/div>\n\t\t\t\t\t<\/div>\n\t\t<\/div>\n\t\t\t\t\t\t\t<\/div>\n\t\t<\/section>\n\t\t\t\t<section class=\"elementor-section elementor-top-section elementor-element elementor-element-3123b69 elementor-section-boxed elementor-section-height-default elementor-section-height-default\" data-id=\"3123b69\" data-element_type=\"section\">\n\t\t\t\t\t\t<div class=\"elementor-container elementor-column-gap-default\">\n\t\t\t\t\t<div class=\"elementor-column elementor-col-100 elementor-top-column elementor-element elementor-element-b498424\" data-id=\"b498424\" data-element_type=\"column\">\n\t\t\t<div class=\"elementor-widget-wrap elementor-element-populated\">\n\t\t\t\t\t\t\t\t<div class=\"elementor-element elementor-element-ffb8c7d elementor-widget elementor-widget-heading\" data-id=\"ffb8c7d\" data-element_type=\"widget\" data-widget_type=\"heading.default\">\n\t\t\t\t<div class=\"elementor-widget-container\">\n\t\t\t<h2 class=\"elementor-heading-title elementor-size-default\">kastekimput<\/h2>\t\t<\/div>\n\t\t\t\t<\/div>\n\t\t\t\t<div class=\"elementor-element elementor-element-f9b1791 elementor-widget elementor-widget-text-editor\" data-id=\"f9b1791\" data-element_type=\"widget\" data-widget_type=\"text-editor.default\">\n\t\t\t\t<div class=\"elementor-widget-container\">\n\t\t\t\t\t\t\t<p>Hinnat alk. 40 euroa<\/p>\t\t\t\t\t\t<\/div>\n\t\t\t\t<\/div>\n\t\t\t\t<div class=\"elementor-element elementor-element-b36f87f elementor-pagination-position-outside elementor-widget elementor-widget-image-carousel\" data-id=\"b36f87f\" data-element_type=\"widget\" data-settings=\"{&quot;slides_to_show&quot;:&quot;3&quot;,&quot;slides_to_scroll&quot;:&quot;1&quot;,&quot;navigation&quot;:&quot;dots&quot;,&quot;slides_to_show_tablet&quot;:&quot;2&quot;,&quot;slides_to_show_mobile&quot;:&quot;1&quot;,&quot;autoplay&quot;:&quot;no&quot;,&quot;infinite&quot;:&quot;no&quot;,&quot;speed&quot;:500,&quot;image_spacing_custom&quot;:{&quot;unit&quot;:&quot;px&quot;,&quot;size&quot;:20,&quot;sizes&quot;:[]}}\" data-widget_type=\"image-carousel.default\">\n\t\t\t\t<div class=\"elementor-widget-container\">\n\t\t\t\t\t<div class=\"elementor-image-carousel-wrapper swiper-container\" dir=\"ltr\">\n\t\t\t<div class=\"elementor-image-carousel swiper-wrapper swiper-image-stretch\">\n\t\t\t\t\t\t\t\t<div class=\"swiper-slide\"><figure class=\"swiper-slide-inner\"><img decoding=\"async\" class=\"swiper-slide-image\" src=\"https:\/\/flowerdesignmagnolia.fi\/wp-content\/uploads\/elementor\/thumbs\/IMG_6381-2-scaled-pd6vs9r05b270zphjvcrtz1x2zzq6rxqse5ppcxp4g.jpg\" alt=\"IMG_6381\" \/><\/figure><\/div><div class=\"swiper-slide\"><figure class=\"swiper-slide-inner\"><img decoding=\"async\" class=\"swiper-slide-image\" src=\"https:\/\/flowerdesignmagnolia.fi\/wp-content\/uploads\/elementor\/thumbs\/DSC_0067-2-1-scaled-pd6vnzlh0h764xxek0pyh1ybnt3j4exrj762zza9gw.jpg\" alt=\"DSC_0067 (2)\" \/><\/figure><\/div><div class=\"swiper-slide\"><figure class=\"swiper-slide-inner\"><img decoding=\"async\" class=\"swiper-slide-image\" src=\"https:\/\/flowerdesignmagnolia.fi\/wp-content\/uploads\/elementor\/thumbs\/045-1-scaled-pd6vmx2389qewxhdt2294tofb0dhctorpwf6bmvek0.jpg\" alt=\"045\" \/><\/figure><\/div><div class=\"swiper-slide\"><figure class=\"swiper-slide-inner\"><img decoding=\"async\" class=\"swiper-slide-image\" src=\"https:\/\/flowerdesignmagnolia.fi\/wp-content\/uploads\/elementor\/thumbs\/IMG_5797-scaled-pd6vqs67br0un7vb8q71dukn81bt0111l0z1cl54z4.jpg\" alt=\"IMG_5797\" \/><\/figure><\/div><div class=\"swiper-slide\"><figure class=\"swiper-slide-inner\"><img decoding=\"async\" class=\"swiper-slide-image\" src=\"https:\/\/flowerdesignmagnolia.fi\/wp-content\/uploads\/elementor\/thumbs\/DSC_0042-2-scaled-pd6vzall7qobs3i7jeneyp8wvndgpctjf5nbssismo.jpg\" alt=\"DSC_0042\" \/><\/figure><\/div>\t\t\t<\/div>\n\t\t\t\t\t\t\t\t\t\t\t\t<div class=\"swiper-pagination\"><\/div>\n\t\t\t\t\t\t\t\t\t\t\t\t\t<\/div>\n\t\t\t\t<\/div>\n\t\t\t\t<\/div>\n\t\t\t\t\t<\/div>\n\t\t<\/div>\n\t\t\t\t\t\t\t<\/div>\n\t\t<\/section>\n\t\t\t\t\t\t<\/div>\n\t\t\t\t\t<\/div>\n\t\t","protected":false},"excerpt":{"rendered":"<p>risti\u00e4iskukat Kukat tekev\u00e4t pienen ihmisen syntym\u00e4juhlasta kauniin ja persoonallisen. kastekranssit Hinnat alk. 50 euroa kastekimput Hinnat alk. 40 euroa<\/p>\n","protected":false},"author":1,"featured_media":0,"parent":0,"menu_order":0,"comment_status":"closed","ping_status":"closed","template":"","meta":{"footnotes":""},"_links":{"self":[{"href":"https:\/\/flowerdesignmagnolia.fi\/index.php\/wp-json\/wp\/v2\/pages\/685"}],"collection":[{"href":"https:\/\/flowerdesignmagnolia.fi\/index.php\/wp-json\/wp\/v2\/pages"}],"about":[{"href":"https:\/\/flowerdesignmagnolia.fi\/index.php\/wp-json\/wp\/v2\/types\/page"}],"author":[{"embeddable":true,"href":"https:\/\/flowerdesignmagnolia.fi\/index.php\/wp-json\/wp\/v2\/users\/1"}],"replies":[{"embeddable":true,"href":"https:\/\/flowerdesignmagnolia.fi\/index.php\/wp-json\/wp\/v2\/comments?post=685"}],"version-history":[{"count":100,"href":"https:\/\/flowerdesignmagnolia.fi\/index.php\/wp-json\/wp\/v2\/pages\/685\/revisions"}],"predecessor-version":[{"id":2096,"href":"https:\/\/flowerdesignmagnolia.fi\/index.php\/wp-json\/wp\/v2\/pages\/685\/revisions\/2096"}],"wp:attachment":[{"href":"https:\/\/flowerdesignmagnolia.fi\/index.php\/wp-json\/wp\/v2\/media?parent=685"}],"curies":[{"name":"wp","href":"https:\/\/api.w.org\/{rel}","templated":true}]}}