{"id":686,"date":"2021-08-31T12:21:42","date_gmt":"2021-08-31T12:21:42","guid":{"rendered":"https:\/\/flowerdesignmagnolia.fi\/?page_id=686"},"modified":"2025-01-28T15:20:08","modified_gmt":"2025-01-28T15:20:08","slug":"muut-juhlakukat","status":"publish","type":"page","link":"https:\/\/flowerdesignmagnolia.fi\/index.php\/muut-juhlakukat\/","title":{"rendered":"Muut juhlakukat"},"content":{"rendered":"\t\t<div data-elementor-type=\"wp-page\" data-elementor-id=\"686\" class=\"elementor elementor-686\" data-elementor-settings=\"[]\">\n\t\t\t\t\t\t\t<div class=\"elementor-section-wrap\">\n\t\t\t\t\t\t\t<section class=\"elementor-section elementor-top-section elementor-element elementor-element-5382308a elementor-section-boxed elementor-section-height-default elementor-section-height-default\" data-id=\"5382308a\" data-element_type=\"section\" data-settings=\"{&quot;background_background&quot;:&quot;classic&quot;}\">\n\t\t\t\t\t\t\t<div class=\"elementor-background-overlay\"><\/div>\n\t\t\t\t\t\t\t<div class=\"elementor-container elementor-column-gap-default\">\n\t\t\t\t\t<div class=\"elementor-column elementor-col-100 elementor-top-column elementor-element elementor-element-1396fd27\" data-id=\"1396fd27\" data-element_type=\"column\">\n\t\t\t<div class=\"elementor-widget-wrap elementor-element-populated\">\n\t\t\t\t\t\t\t\t<div class=\"elementor-element elementor-element-21af5897 elementor-invisible elementor-widget elementor-widget-heading\" data-id=\"21af5897\" data-element_type=\"widget\" data-settings=\"{&quot;_animation&quot;:&quot;fadeInUp&quot;}\" data-widget_type=\"heading.default\">\n\t\t\t\t<div class=\"elementor-widget-container\">\n\t\t\t<h2 class=\"elementor-heading-title elementor-size-large\">Muut juhlakukat<\/h2>\t\t<\/div>\n\t\t\t\t<\/div>\n\t\t\t\t\t<\/div>\n\t\t<\/div>\n\t\t\t\t\t\t\t<\/div>\n\t\t<\/section>\n\t\t\t\t<section class=\"elementor-section elementor-top-section elementor-element elementor-element-fed3324 elementor-section-boxed elementor-section-height-default elementor-section-height-default\" data-id=\"fed3324\" data-element_type=\"section\">\n\t\t\t\t\t\t<div class=\"elementor-container elementor-column-gap-default\">\n\t\t\t\t\t<div class=\"elementor-column elementor-col-100 elementor-top-column elementor-element elementor-element-56edeee\" data-id=\"56edeee\" data-element_type=\"column\">\n\t\t\t<div class=\"elementor-widget-wrap elementor-element-populated\">\n\t\t\t\t\t\t\t\t<div class=\"elementor-element elementor-element-3ebfdd3 elementor-widget elementor-widget-heading\" data-id=\"3ebfdd3\" data-element_type=\"widget\" data-widget_type=\"heading.default\">\n\t\t\t\t<div class=\"elementor-widget-container\">\n\t\t\t<h2 class=\"elementor-heading-title elementor-size-default\"><i>Kukat tekev\u00e4t juhlan ja juhlatunnelman.<\/i><\/h2>\t\t<\/div>\n\t\t\t\t<\/div>\n\t\t\t\t<div class=\"elementor-element elementor-element-b557d87 elementor-widget elementor-widget-heading\" data-id=\"b557d87\" data-element_type=\"widget\" data-widget_type=\"heading.default\">\n\t\t\t\t<div class=\"elementor-widget-container\">\n\t\t\t<h2 class=\"elementor-heading-title elementor-size-default\">P\u00f6yt\u00e4asetelmat<\/h2>\t\t<\/div>\n\t\t\t\t<\/div>\n\t\t\t\t<div class=\"elementor-element elementor-element-541e121 elementor-widget elementor-widget-text-editor\" data-id=\"541e121\" data-element_type=\"widget\" data-widget_type=\"text-editor.default\">\n\t\t\t\t<div class=\"elementor-widget-container\">\n\t\t\t\t\t\t\t<p>Hinnat alk. 40 euroa. Mahdollisuus astioiden vuokraukseen tai oman astiasi k\u00e4ytt\u00f6\u00f6n.<\/p>\t\t\t\t\t\t<\/div>\n\t\t\t\t<\/div>\n\t\t\t\t<div class=\"elementor-element elementor-element-3da21bb elementor-pagination-position-outside elementor-widget elementor-widget-image-carousel\" data-id=\"3da21bb\" data-element_type=\"widget\" data-settings=\"{&quot;slides_to_show&quot;:&quot;3&quot;,&quot;slides_to_scroll&quot;:&quot;3&quot;,&quot;navigation&quot;:&quot;dots&quot;,&quot;slides_to_show_tablet&quot;:&quot;2&quot;,&quot;slides_to_show_mobile&quot;:&quot;1&quot;,&quot;autoplay&quot;:&quot;no&quot;,&quot;infinite&quot;:&quot;no&quot;,&quot;speed&quot;:500,&quot;image_spacing_custom&quot;:{&quot;unit&quot;:&quot;px&quot;,&quot;size&quot;:20,&quot;sizes&quot;:[]}}\" data-widget_type=\"image-carousel.default\">\n\t\t\t\t<div class=\"elementor-widget-container\">\n\t\t\t\t\t<div class=\"elementor-image-carousel-wrapper swiper-container\" dir=\"ltr\">\n\t\t\t<div class=\"elementor-image-carousel swiper-wrapper swiper-image-stretch\">\n\t\t\t\t\t\t\t\t<div class=\"swiper-slide\"><figure class=\"swiper-slide-inner\"><img decoding=\"async\" class=\"swiper-slide-image\" src=\"https:\/\/flowerdesignmagnolia.fi\/wp-content\/uploads\/elementor\/thumbs\/DSC_0123-scaled-pd3rlp8kpm55bc9vsi3njr0wk80gqqiuyx0567x54w.jpg\" alt=\"DSC_0123\" \/><\/figure><\/div><div class=\"swiper-slide\"><figure class=\"swiper-slide-inner\"><img decoding=\"async\" class=\"swiper-slide-image\" src=\"https:\/\/flowerdesignmagnolia.fi\/wp-content\/uploads\/elementor\/thumbs\/405-scaled-pd3rl8bhalhzicygjasdavalvabuw6nowl9ej8m88w.jpg\" alt=\"405\" \/><\/figure><\/div><div class=\"swiper-slide\"><figure class=\"swiper-slide-inner\"><img decoding=\"async\" class=\"swiper-slide-image\" src=\"https:\/\/flowerdesignmagnolia.fi\/wp-content\/uploads\/elementor\/thumbs\/DSC_0203-scaled-pd3rmcqjgh1bdlbqza9bs33feusn3645e5ba64yatc.jpg\" alt=\"DSC_0203\" \/><\/figure><\/div><div class=\"swiper-slide\"><figure class=\"swiper-slide-inner\"><img decoding=\"async\" class=\"swiper-slide-image\" src=\"https:\/\/flowerdesignmagnolia.fi\/wp-content\/uploads\/elementor\/thumbs\/IMG_7211-scaled-r0oemb4l2v85oqa8q6mq6ke7nrw10spow1og4ttzr4.jpeg\" alt=\"IMG_7211\" \/><\/figure><\/div><div class=\"swiper-slide\"><figure class=\"swiper-slide-inner\"><img decoding=\"async\" class=\"swiper-slide-image\" src=\"https:\/\/flowerdesignmagnolia.fi\/wp-content\/uploads\/elementor\/thumbs\/DSC_0145-2-scaled-pd8qcpa2p56a3b2qwkfg0ef50kplu21617r2ygohmo.jpg\" alt=\"DSC_0145 (2)\" \/><\/figure><\/div><div class=\"swiper-slide\"><figure class=\"swiper-slide-inner\"><img decoding=\"async\" class=\"swiper-slide-image\" src=\"https:\/\/flowerdesignmagnolia.fi\/wp-content\/uploads\/elementor\/thumbs\/DSC_0124-scaled-pdahjvml6npw8i97h0wcb9n062nn7gbouaj77r94qo.jpg\" alt=\"DSC_0124\" \/><\/figure><\/div><div class=\"swiper-slide\"><figure class=\"swiper-slide-inner\"><img decoding=\"async\" class=\"swiper-slide-image\" src=\"https:\/\/flowerdesignmagnolia.fi\/wp-content\/uploads\/elementor\/thumbs\/DSC_0190-2-scaled-pdahmo7bhxjkqs745qdf829bqavx32eyw4c5kd408w.jpg\" alt=\"DSC_0190\" \/><\/figure><\/div><div class=\"swiper-slide\"><figure class=\"swiper-slide-inner\"><img decoding=\"async\" class=\"swiper-slide-image\" src=\"https:\/\/flowerdesignmagnolia.fi\/wp-content\/uploads\/elementor\/thumbs\/IMG_7563-scaled-pdahsb8gi59iek07864u6n0w1j379oszo19184qyww.jpg\" alt=\"IMG_7563\" \/><\/figure><\/div><div class=\"swiper-slide\"><figure class=\"swiper-slide-inner\"><img decoding=\"async\" class=\"swiper-slide-image\" src=\"https:\/\/flowerdesignmagnolia.fi\/wp-content\/uploads\/elementor\/thumbs\/IMG_6547-scaled-pe09hde3tlbkniwuuqec7ia5lj8c3ttgc4tjs4lfsw.jpg\" alt=\"IMG_6547\" \/><\/figure><\/div>\t\t\t<\/div>\n\t\t\t\t\t\t\t\t\t\t\t\t<div class=\"swiper-pagination\"><\/div>\n\t\t\t\t\t\t\t\t\t\t\t\t\t<\/div>\n\t\t\t\t<\/div>\n\t\t\t\t<\/div>\n\t\t\t\t\t<\/div>\n\t\t<\/div>\n\t\t\t\t\t\t\t<\/div>\n\t\t<\/section>\n\t\t\t\t<section class=\"elementor-section elementor-top-section elementor-element elementor-element-f096038 elementor-section-boxed elementor-section-height-default elementor-section-height-default\" data-id=\"f096038\" data-element_type=\"section\">\n\t\t\t\t\t\t<div class=\"elementor-container elementor-column-gap-default\">\n\t\t\t\t\t<div class=\"elementor-column elementor-col-100 elementor-top-column elementor-element elementor-element-702a6fe\" data-id=\"702a6fe\" data-element_type=\"column\">\n\t\t\t<div class=\"elementor-widget-wrap elementor-element-populated\">\n\t\t\t\t\t\t\t\t<div class=\"elementor-element elementor-element-1bb1223 elementor-widget elementor-widget-heading\" data-id=\"1bb1223\" data-element_type=\"widget\" data-widget_type=\"heading.default\">\n\t\t\t\t<div class=\"elementor-widget-container\">\n\t\t\t<h2 class=\"elementor-heading-title elementor-size-default\">kukkaseppeleet<\/h2>\t\t<\/div>\n\t\t\t\t<\/div>\n\t\t\t\t<div class=\"elementor-element elementor-element-4216095 elementor-widget elementor-widget-text-editor\" data-id=\"4216095\" data-element_type=\"widget\" data-widget_type=\"text-editor.default\">\n\t\t\t\t<div class=\"elementor-widget-container\">\n\t\t\t\t\t\t\t<p>Hinnat alk. 40 euroa<\/p>\t\t\t\t\t\t<\/div>\n\t\t\t\t<\/div>\n\t\t\t\t<div class=\"elementor-element elementor-element-172ebaf elementor-pagination-position-outside elementor-widget elementor-widget-image-carousel\" data-id=\"172ebaf\" data-element_type=\"widget\" data-settings=\"{&quot;slides_to_show&quot;:&quot;3&quot;,&quot;slides_to_scroll&quot;:&quot;3&quot;,&quot;navigation&quot;:&quot;dots&quot;,&quot;slides_to_show_tablet&quot;:&quot;2&quot;,&quot;slides_to_show_mobile&quot;:&quot;1&quot;,&quot;autoplay&quot;:&quot;no&quot;,&quot;infinite&quot;:&quot;no&quot;,&quot;speed&quot;:500,&quot;image_spacing_custom&quot;:{&quot;unit&quot;:&quot;px&quot;,&quot;size&quot;:20,&quot;sizes&quot;:[]}}\" data-widget_type=\"image-carousel.default\">\n\t\t\t\t<div class=\"elementor-widget-container\">\n\t\t\t\t\t<div class=\"elementor-image-carousel-wrapper swiper-container\" dir=\"ltr\">\n\t\t\t<div class=\"elementor-image-carousel swiper-wrapper swiper-image-stretch\">\n\t\t\t\t\t\t\t\t<div class=\"swiper-slide\"><figure class=\"swiper-slide-inner\"><img decoding=\"async\" class=\"swiper-slide-image\" src=\"https:\/\/flowerdesignmagnolia.fi\/wp-content\/uploads\/elementor\/thumbs\/IMG_6718-scaled-pd3rxsfte1vwk77pg8oah0iy6frksybohgyy6yzo1c.jpg\" alt=\"IMG_6718\" \/><\/figure><\/div><div class=\"swiper-slide\"><figure class=\"swiper-slide-inner\"><img decoding=\"async\" class=\"swiper-slide-image\" src=\"https:\/\/flowerdesignmagnolia.fi\/wp-content\/uploads\/elementor\/thumbs\/DSC_0093-scaled-pd8ix4jzz42t0u8slx33kqizwow8q8l0rk44ogettc.jpg\" alt=\"DSC_0093\" \/><\/figure><\/div><div class=\"swiper-slide\"><figure class=\"swiper-slide-inner\"><img decoding=\"async\" class=\"swiper-slide-image\" src=\"https:\/\/flowerdesignmagnolia.fi\/wp-content\/uploads\/elementor\/thumbs\/DSC_0008-pd3ryb8l6qln0egeegstuvs6256x2web820nsi7skw.jpg\" alt=\"DSC_0008\" \/><\/figure><\/div><div class=\"swiper-slide\"><figure class=\"swiper-slide-inner\"><img decoding=\"async\" class=\"swiper-slide-image\" src=\"https:\/\/flowerdesignmagnolia.fi\/wp-content\/uploads\/elementor\/thumbs\/DSC_0206-scaled-pd3rzxikygtf083qy5zp5h2qw17oc4to42grjntdv4.jpg\" alt=\"DSC_0206\" \/><\/figure><\/div><div class=\"swiper-slide\"><figure class=\"swiper-slide-inner\"><img decoding=\"async\" class=\"swiper-slide-image\" src=\"https:\/\/flowerdesignmagnolia.fi\/wp-content\/uploads\/elementor\/thumbs\/DSC_0030-scaled-pd3s0bm5szcpudj9nu33ovinsta6jldn6091qt8h9s.jpg\" alt=\"DSC_0030\" \/><\/figure><\/div>\t\t\t<\/div>\n\t\t\t\t\t\t\t\t\t\t\t\t<div class=\"swiper-pagination\"><\/div>\n\t\t\t\t\t\t\t\t\t\t\t\t\t<\/div>\n\t\t\t\t<\/div>\n\t\t\t\t<\/div>\n\t\t\t\t\t<\/div>\n\t\t<\/div>\n\t\t\t\t\t\t\t<\/div>\n\t\t<\/section>\n\t\t\t\t\t\t<\/div>\n\t\t\t\t\t<\/div>\n\t\t","protected":false},"excerpt":{"rendered":"<p>Muut juhlakukat Kukat tekev\u00e4t juhlan ja juhlatunnelman. P\u00f6yt\u00e4asetelmat Hinnat alk. 40 euroa. Mahdollisuus astioiden vuokraukseen tai oman astiasi k\u00e4ytt\u00f6\u00f6n. kukkaseppeleet Hinnat alk. 40 euroa<\/p>\n","protected":false},"author":1,"featured_media":0,"parent":0,"menu_order":0,"comment_status":"closed","ping_status":"closed","template":"","meta":{"footnotes":""},"_links":{"self":[{"href":"https:\/\/flowerdesignmagnolia.fi\/index.php\/wp-json\/wp\/v2\/pages\/686"}],"collection":[{"href":"https:\/\/flowerdesignmagnolia.fi\/index.php\/wp-json\/wp\/v2\/pages"}],"about":[{"href":"https:\/\/flowerdesignmagnolia.fi\/index.php\/wp-json\/wp\/v2\/types\/page"}],"author":[{"embeddable":true,"href":"https:\/\/flowerdesignmagnolia.fi\/index.php\/wp-json\/wp\/v2\/users\/1"}],"replies":[{"embeddable":true,"href":"https:\/\/flowerdesignmagnolia.fi\/index.php\/wp-json\/wp\/v2\/comments?post=686"}],"version-history":[{"count":104,"href":"https:\/\/flowerdesignmagnolia.fi\/index.php\/wp-json\/wp\/v2\/pages\/686\/revisions"}],"predecessor-version":[{"id":2214,"href":"https:\/\/flowerdesignmagnolia.fi\/index.php\/wp-json\/wp\/v2\/pages\/686\/revisions\/2214"}],"wp:attachment":[{"href":"https:\/\/flowerdesignmagnolia.fi\/index.php\/wp-json\/wp\/v2\/media?parent=686"}],"curies":[{"name":"wp","href":"https:\/\/api.w.org\/{rel}","templated":true}]}}