{"id":769,"date":"2021-09-09T14:57:43","date_gmt":"2021-09-09T14:57:43","guid":{"rendered":"https:\/\/flowerdesignmagnolia.fi\/?page_id=769"},"modified":"2025-01-28T15:18:06","modified_gmt":"2025-01-28T15:18:06","slug":"haakukat-2","status":"publish","type":"page","link":"https:\/\/flowerdesignmagnolia.fi\/index.php\/haakukat-2\/","title":{"rendered":"H\u00e4\u00e4kukat"},"content":{"rendered":"\t\t<div data-elementor-type=\"wp-page\" data-elementor-id=\"769\" class=\"elementor elementor-769\" data-elementor-settings=\"[]\">\n\t\t\t\t\t\t\t<div class=\"elementor-section-wrap\">\n\t\t\t\t\t\t\t<section class=\"elementor-section elementor-top-section elementor-element elementor-element-3c1cd224 elementor-section-boxed elementor-section-height-default elementor-section-height-default\" data-id=\"3c1cd224\" data-element_type=\"section\" data-settings=\"{&quot;background_background&quot;:&quot;classic&quot;}\">\n\t\t\t\t\t\t\t<div class=\"elementor-background-overlay\"><\/div>\n\t\t\t\t\t\t\t<div class=\"elementor-container elementor-column-gap-default\">\n\t\t\t\t\t<div class=\"elementor-column elementor-col-100 elementor-top-column elementor-element elementor-element-1422fcd7\" data-id=\"1422fcd7\" data-element_type=\"column\">\n\t\t\t<div class=\"elementor-widget-wrap elementor-element-populated\">\n\t\t\t\t\t\t\t\t<div class=\"elementor-element elementor-element-2d52276b elementor-invisible elementor-widget elementor-widget-heading\" data-id=\"2d52276b\" data-element_type=\"widget\" data-settings=\"{&quot;_animation&quot;:&quot;fadeInUp&quot;}\" data-widget_type=\"heading.default\">\n\t\t\t\t<div class=\"elementor-widget-container\">\n\t\t\t<h2 class=\"elementor-heading-title elementor-size-large\">H\u00e4\u00e4kukat<\/h2>\t\t<\/div>\n\t\t\t\t<\/div>\n\t\t\t\t\t<\/div>\n\t\t<\/div>\n\t\t\t\t\t\t\t<\/div>\n\t\t<\/section>\n\t\t\t\t<section class=\"elementor-section elementor-top-section elementor-element elementor-element-367558d elementor-section-boxed elementor-section-height-default elementor-section-height-default\" data-id=\"367558d\" data-element_type=\"section\">\n\t\t\t\t\t\t<div class=\"elementor-container elementor-column-gap-default\">\n\t\t\t\t\t<div class=\"elementor-column elementor-col-100 elementor-top-column elementor-element elementor-element-35de28b\" data-id=\"35de28b\" data-element_type=\"column\">\n\t\t\t<div class=\"elementor-widget-wrap elementor-element-populated\">\n\t\t\t\t\t\t\t\t<div class=\"elementor-element elementor-element-b9614b8 elementor-widget elementor-widget-heading\" data-id=\"b9614b8\" data-element_type=\"widget\" data-widget_type=\"heading.default\">\n\t\t\t\t<div class=\"elementor-widget-container\">\n\t\t\t<h2 class=\"elementor-heading-title elementor-size-default\">H\u00e4\u00e4kukkia on k\u00e4ytetty jo ikiaikoja rakkauden, ilon ja onnen symboleina.<br>Persoonalliset kukat luovat juhliin ainutlaatuisuutta.<\/h2>\t\t<\/div>\n\t\t\t\t<\/div>\n\t\t\t\t<div class=\"elementor-element elementor-element-3aa1f3b elementor-widget elementor-widget-heading\" data-id=\"3aa1f3b\" data-element_type=\"widget\" data-widget_type=\"heading.default\">\n\t\t\t\t<div class=\"elementor-widget-container\">\n\t\t\t<h2 class=\"elementor-heading-title elementor-size-default\">H\u00e4\u00e4kimput<\/h2>\t\t<\/div>\n\t\t\t\t<\/div>\n\t\t\t\t<div class=\"elementor-element elementor-element-bbd8606 elementor-widget elementor-widget-text-editor\" data-id=\"bbd8606\" data-element_type=\"widget\" data-widget_type=\"text-editor.default\">\n\t\t\t\t<div class=\"elementor-widget-container\">\n\t\t\t\t\t\t\t<p>Hinnat alk. 80 euroa\u00a0<\/p><p>(riippuen tekniikasta ja valituista kukista)<\/p>\t\t\t\t\t\t<\/div>\n\t\t\t\t<\/div>\n\t\t\t\t<div class=\"elementor-element elementor-element-2056033 elementor-pagination-position-outside elementor-widget elementor-widget-image-carousel\" data-id=\"2056033\" data-element_type=\"widget\" data-settings=\"{&quot;slides_to_show&quot;:&quot;3&quot;,&quot;slides_to_scroll&quot;:&quot;3&quot;,&quot;navigation&quot;:&quot;dots&quot;,&quot;slides_to_show_tablet&quot;:&quot;2&quot;,&quot;slides_to_show_mobile&quot;:&quot;1&quot;,&quot;autoplay&quot;:&quot;no&quot;,&quot;infinite&quot;:&quot;no&quot;,&quot;speed&quot;:500,&quot;image_spacing_custom&quot;:{&quot;unit&quot;:&quot;px&quot;,&quot;size&quot;:20,&quot;sizes&quot;:[]}}\" data-widget_type=\"image-carousel.default\">\n\t\t\t\t<div class=\"elementor-widget-container\">\n\t\t\t\t\t<div class=\"elementor-image-carousel-wrapper swiper-container\" dir=\"ltr\">\n\t\t\t<div class=\"elementor-image-carousel swiper-wrapper swiper-image-stretch\">\n\t\t\t\t\t\t\t\t<div class=\"swiper-slide\"><figure class=\"swiper-slide-inner\"><img decoding=\"async\" class=\"swiper-slide-image\" src=\"https:\/\/flowerdesignmagnolia.fi\/wp-content\/uploads\/elementor\/thumbs\/490-scaled-pd8mwgxvrurjhj2al8npx67w202lfr5x7682558gh0.jpg\" alt=\"490\" \/><\/figure><\/div><div class=\"swiper-slide\"><figure class=\"swiper-slide-inner\"><img decoding=\"async\" class=\"swiper-slide-image\" src=\"https:\/\/flowerdesignmagnolia.fi\/wp-content\/uploads\/elementor\/thumbs\/IMG_7543-1-scaled-pcfgjf4oetjsjimn8uakpnwx3ts858z4py7yoh0rxg.jpg\" alt=\"IMG_7543\" \/><\/figure><\/div><div class=\"swiper-slide\"><figure class=\"swiper-slide-inner\"><img decoding=\"async\" class=\"swiper-slide-image\" src=\"https:\/\/flowerdesignmagnolia.fi\/wp-content\/uploads\/elementor\/thumbs\/IMG_2051-scaled-r0oeldaal9ldxn6mh5fc585jqnk899az08o7g3kyg4.jpeg\" alt=\"IMG_2051\" \/><\/figure><\/div><div class=\"swiper-slide\"><figure class=\"swiper-slide-inner\"><img decoding=\"async\" class=\"swiper-slide-image\" src=\"https:\/\/flowerdesignmagnolia.fi\/wp-content\/uploads\/elementor\/thumbs\/loppukesa2014-026-scaled-pcfgnpa7jnetfkeq8oxe2l0ij0of7lz3z57lduo7l0.jpg\" alt=\"loppukes\u00e42014 026\" \/><\/figure><\/div><div class=\"swiper-slide\"><figure class=\"swiper-slide-inner\"><img decoding=\"async\" class=\"swiper-slide-image\" src=\"https:\/\/flowerdesignmagnolia.fi\/wp-content\/uploads\/elementor\/thumbs\/DSC_0015-scaled-pd8mzcc4nmp2ymw3thcojg4ledwyygke9dzgxkz5gk.jpg\" alt=\"DSC_0015\" \/><\/figure><\/div><div class=\"swiper-slide\"><figure class=\"swiper-slide-inner\"><img decoding=\"async\" class=\"swiper-slide-image\" src=\"https:\/\/flowerdesignmagnolia.fi\/wp-content\/uploads\/elementor\/thumbs\/nikon-07-076-scaled-pd8skd3k93vnwgwazvhda7yevx3w45lu8cmqqwx4ro.jpg\" alt=\"nikon 07 076\" \/><\/figure><\/div><div class=\"swiper-slide\"><figure class=\"swiper-slide-inner\"><img decoding=\"async\" class=\"swiper-slide-image\" src=\"https:\/\/flowerdesignmagnolia.fi\/wp-content\/uploads\/elementor\/thumbs\/DSC_0003-scaled-pd8sfuhherp23xgidf6wsuzo49de4io9xzrqq1m8o4.jpg\" alt=\"DSC_0003\" \/><\/figure><\/div><div class=\"swiper-slide\"><figure class=\"swiper-slide-inner\"><img decoding=\"async\" class=\"swiper-slide-image\" src=\"https:\/\/flowerdesignmagnolia.fi\/wp-content\/uploads\/elementor\/thumbs\/IMG_1753-scaled-r0oe88hh3lm5ps9e5z1zt1goxualpi5zj8iz1x1zdw.jpeg\" alt=\"IMG_1753\" \/><\/figure><\/div>\t\t\t<\/div>\n\t\t\t\t\t\t\t\t\t\t\t\t<div class=\"swiper-pagination\"><\/div>\n\t\t\t\t\t\t\t\t\t\t\t\t\t<\/div>\n\t\t\t\t<\/div>\n\t\t\t\t<\/div>\n\t\t\t\t\t<\/div>\n\t\t<\/div>\n\t\t\t\t\t\t\t<\/div>\n\t\t<\/section>\n\t\t\t\t<section class=\"elementor-section elementor-top-section elementor-element elementor-element-1ed6709 elementor-section-boxed elementor-section-height-default elementor-section-height-default\" data-id=\"1ed6709\" data-element_type=\"section\">\n\t\t\t\t\t\t<div class=\"elementor-container elementor-column-gap-default\">\n\t\t\t\t\t<div class=\"elementor-column elementor-col-100 elementor-top-column elementor-element elementor-element-ec6f45c\" data-id=\"ec6f45c\" data-element_type=\"column\">\n\t\t\t<div class=\"elementor-widget-wrap elementor-element-populated\">\n\t\t\t\t\t\t\t\t<div class=\"elementor-element elementor-element-d9e5604 elementor-widget elementor-widget-heading\" data-id=\"d9e5604\" data-element_type=\"widget\" data-widget_type=\"heading.default\">\n\t\t\t\t<div class=\"elementor-widget-container\">\n\t\t\t<h2 class=\"elementor-heading-title elementor-size-default\">vieheet<\/h2>\t\t<\/div>\n\t\t\t\t<\/div>\n\t\t\t\t<div class=\"elementor-element elementor-element-68c82cd elementor-widget elementor-widget-text-editor\" data-id=\"68c82cd\" data-element_type=\"widget\" data-widget_type=\"text-editor.default\">\n\t\t\t\t<div class=\"elementor-widget-container\">\n\t\t\t\t\t\t\t<p>Hinnat alk. 15 euroa<\/p>\t\t\t\t\t\t<\/div>\n\t\t\t\t<\/div>\n\t\t\t\t<div class=\"elementor-element elementor-element-45701d7 elementor-pagination-position-outside elementor-widget elementor-widget-image-carousel\" data-id=\"45701d7\" data-element_type=\"widget\" data-settings=\"{&quot;slides_to_show&quot;:&quot;3&quot;,&quot;slides_to_scroll&quot;:&quot;1&quot;,&quot;navigation&quot;:&quot;dots&quot;,&quot;slides_to_show_tablet&quot;:&quot;2&quot;,&quot;slides_to_show_mobile&quot;:&quot;1&quot;,&quot;autoplay&quot;:&quot;no&quot;,&quot;infinite&quot;:&quot;no&quot;,&quot;speed&quot;:500,&quot;image_spacing_custom&quot;:{&quot;unit&quot;:&quot;px&quot;,&quot;size&quot;:20,&quot;sizes&quot;:[]}}\" data-widget_type=\"image-carousel.default\">\n\t\t\t\t<div class=\"elementor-widget-container\">\n\t\t\t\t\t<div class=\"elementor-image-carousel-wrapper swiper-container\" dir=\"ltr\">\n\t\t\t<div class=\"elementor-image-carousel swiper-wrapper swiper-image-stretch\">\n\t\t\t\t\t\t\t\t<div class=\"swiper-slide\"><figure class=\"swiper-slide-inner\"><img decoding=\"async\" class=\"swiper-slide-image\" src=\"https:\/\/flowerdesignmagnolia.fi\/wp-content\/uploads\/elementor\/thumbs\/IMG_6522-scaled-pd8ndd3k9892qybz0qsmb3d7be7v48vtjfbt2wcx7s.jpg\" alt=\"IMG_6522\" \/><\/figure><\/div><div class=\"swiper-slide\"><figure class=\"swiper-slide-inner\"><img decoding=\"async\" class=\"swiper-slide-image\" src=\"https:\/\/flowerdesignmagnolia.fi\/wp-content\/uploads\/elementor\/thumbs\/DSC_0047-1-scaled-pd6t3prwjoha3lmaj197glq2smru3h0z7kcbbvkze0.jpg\" alt=\"DSC_0047\" \/><\/figure><\/div><div class=\"swiper-slide\"><figure class=\"swiper-slide-inner\"><img decoding=\"async\" class=\"swiper-slide-image\" src=\"https:\/\/flowerdesignmagnolia.fi\/wp-content\/uploads\/elementor\/thumbs\/414-scaled-pd6sdf8fdihjc9t7263w7qkwlmd7s9n9xfed28kffs.jpg\" alt=\"414\" \/><\/figure><\/div><div class=\"swiper-slide\"><figure class=\"swiper-slide-inner\"><img decoding=\"async\" class=\"swiper-slide-image\" src=\"https:\/\/flowerdesignmagnolia.fi\/wp-content\/uploads\/elementor\/thumbs\/IMG_7169-scaled-pd3msbw85otsd5g2hmxc6lu8jkzgae8ceapwlvi7u0.jpg\" alt=\"IMG_7169\" \/><\/figure><\/div><div class=\"swiper-slide\"><figure class=\"swiper-slide-inner\"><img decoding=\"async\" class=\"swiper-slide-image\" src=\"https:\/\/flowerdesignmagnolia.fi\/wp-content\/uploads\/elementor\/thumbs\/loppukesa2014-008-scaled-pd3mqooe74kq1pu33fbubis74b3btgp965mbdfy0q0.jpg\" alt=\"loppukes\u00e42014 008\" \/><\/figure><\/div>\t\t\t<\/div>\n\t\t\t\t\t\t\t\t\t\t\t\t<div class=\"swiper-pagination\"><\/div>\n\t\t\t\t\t\t\t\t\t\t\t\t\t<\/div>\n\t\t\t\t<\/div>\n\t\t\t\t<\/div>\n\t\t\t\t\t<\/div>\n\t\t<\/div>\n\t\t\t\t\t\t\t<\/div>\n\t\t<\/section>\n\t\t\t\t<section class=\"elementor-section elementor-top-section elementor-element elementor-element-a95c430 elementor-section-boxed elementor-section-height-default elementor-section-height-default\" data-id=\"a95c430\" data-element_type=\"section\">\n\t\t\t\t\t\t<div class=\"elementor-container elementor-column-gap-default\">\n\t\t\t\t\t<div class=\"elementor-column elementor-col-100 elementor-top-column elementor-element elementor-element-42c417d\" data-id=\"42c417d\" data-element_type=\"column\">\n\t\t\t<div class=\"elementor-widget-wrap elementor-element-populated\">\n\t\t\t\t\t\t\t\t<div class=\"elementor-element elementor-element-1f260ab elementor-widget elementor-widget-heading\" data-id=\"1f260ab\" data-element_type=\"widget\" data-widget_type=\"heading.default\">\n\t\t\t\t<div class=\"elementor-widget-container\">\n\t\t\t<h2 class=\"elementor-heading-title elementor-size-default\">hiuskukat<\/h2>\t\t<\/div>\n\t\t\t\t<\/div>\n\t\t\t\t<div class=\"elementor-element elementor-element-973c36c elementor-widget elementor-widget-text-editor\" data-id=\"973c36c\" data-element_type=\"widget\" data-widget_type=\"text-editor.default\">\n\t\t\t\t<div class=\"elementor-widget-container\">\n\t\t\t\t\t\t\t<p>Hinnat alk. 20 euroa<\/p>\n<p>(riippuen tekniikasta ja valituista kukista)<\/p>\t\t\t\t\t\t<\/div>\n\t\t\t\t<\/div>\n\t\t\t\t<div class=\"elementor-element elementor-element-4d03682 elementor-pagination-position-outside elementor-widget elementor-widget-image-carousel\" data-id=\"4d03682\" data-element_type=\"widget\" data-settings=\"{&quot;slides_to_show&quot;:&quot;3&quot;,&quot;slides_to_scroll&quot;:&quot;1&quot;,&quot;navigation&quot;:&quot;dots&quot;,&quot;slides_to_show_tablet&quot;:&quot;2&quot;,&quot;slides_to_show_mobile&quot;:&quot;1&quot;,&quot;autoplay&quot;:&quot;no&quot;,&quot;infinite&quot;:&quot;no&quot;,&quot;speed&quot;:500,&quot;image_spacing_custom&quot;:{&quot;unit&quot;:&quot;px&quot;,&quot;size&quot;:20,&quot;sizes&quot;:[]}}\" data-widget_type=\"image-carousel.default\">\n\t\t\t\t<div class=\"elementor-widget-container\">\n\t\t\t\t\t<div class=\"elementor-image-carousel-wrapper swiper-container\" dir=\"ltr\">\n\t\t\t<div class=\"elementor-image-carousel swiper-wrapper swiper-image-stretch\">\n\t\t\t\t\t\t\t\t<div class=\"swiper-slide\"><figure class=\"swiper-slide-inner\"><img decoding=\"async\" class=\"swiper-slide-image\" src=\"https:\/\/flowerdesignmagnolia.fi\/wp-content\/uploads\/elementor\/thumbs\/484-scaled-pd8n6f2hiixxcm8ejy8qkqcw0ny4xx4rgxhoiqa9v4.jpg\" alt=\"484\" \/><\/figure><\/div><div class=\"swiper-slide\"><figure class=\"swiper-slide-inner\"><img decoding=\"async\" class=\"swiper-slide-image\" src=\"https:\/\/flowerdesignmagnolia.fi\/wp-content\/uploads\/elementor\/thumbs\/409-1-scaled-pd6tdl2w2a6se53fvid2bzym21mhm8124amvtwksq8.jpg\" alt=\"409\" \/><\/figure><\/div><div class=\"swiper-slide\"><figure class=\"swiper-slide-inner\"><img decoding=\"async\" class=\"swiper-slide-image\" src=\"https:\/\/flowerdesignmagnolia.fi\/wp-content\/uploads\/elementor\/thumbs\/410-1-scaled-pd6tduh9ymjnm8pscmfc0xl7zwc5r72dhl5qmo6v00.jpg\" alt=\"410\" \/><\/figure><\/div><div class=\"swiper-slide\"><figure class=\"swiper-slide-inner\"><img decoding=\"async\" class=\"swiper-slide-image\" src=\"https:\/\/flowerdesignmagnolia.fi\/wp-content\/uploads\/elementor\/thumbs\/loppukesa2014-012-1-scaled-pd6teda1rb9e2fyhaujvesufvlri1550867g87ezjk.jpg\" alt=\"loppukes\u00e42014 012\" \/><\/figure><\/div>\t\t\t<\/div>\n\t\t\t\t\t\t\t\t\t\t\t\t<div class=\"swiper-pagination\"><\/div>\n\t\t\t\t\t\t\t\t\t\t\t\t\t<\/div>\n\t\t\t\t<\/div>\n\t\t\t\t<\/div>\n\t\t\t\t\t<\/div>\n\t\t<\/div>\n\t\t\t\t\t\t\t<\/div>\n\t\t<\/section>\n\t\t\t\t\t\t<\/div>\n\t\t\t\t\t<\/div>\n\t\t","protected":false},"excerpt":{"rendered":"<p>H\u00e4\u00e4kukat H\u00e4\u00e4kukkia on k\u00e4ytetty jo ikiaikoja rakkauden, ilon ja onnen symboleina.Persoonalliset kukat luovat juhliin ainutlaatuisuutta. H\u00e4\u00e4kimput Hinnat alk. 80 euroa\u00a0 (riippuen tekniikasta ja valituista kukista) vieheet Hinnat alk. 15 euroa hiuskukat Hinnat alk. 20 euroa (riippuen tekniikasta ja valituista kukista)<\/p>\n","protected":false},"author":1,"featured_media":0,"parent":0,"menu_order":0,"comment_status":"closed","ping_status":"closed","template":"","meta":{"footnotes":""},"_links":{"self":[{"href":"https:\/\/flowerdesignmagnolia.fi\/index.php\/wp-json\/wp\/v2\/pages\/769"}],"collection":[{"href":"https:\/\/flowerdesignmagnolia.fi\/index.php\/wp-json\/wp\/v2\/pages"}],"about":[{"href":"https:\/\/flowerdesignmagnolia.fi\/index.php\/wp-json\/wp\/v2\/types\/page"}],"author":[{"embeddable":true,"href":"https:\/\/flowerdesignmagnolia.fi\/index.php\/wp-json\/wp\/v2\/users\/1"}],"replies":[{"embeddable":true,"href":"https:\/\/flowerdesignmagnolia.fi\/index.php\/wp-json\/wp\/v2\/comments?post=769"}],"version-history":[{"count":108,"href":"https:\/\/flowerdesignmagnolia.fi\/index.php\/wp-json\/wp\/v2\/pages\/769\/revisions"}],"predecessor-version":[{"id":2205,"href":"https:\/\/flowerdesignmagnolia.fi\/index.php\/wp-json\/wp\/v2\/pages\/769\/revisions\/2205"}],"wp:attachment":[{"href":"https:\/\/flowerdesignmagnolia.fi\/index.php\/wp-json\/wp\/v2\/media?parent=769"}],"curies":[{"name":"wp","href":"https:\/\/api.w.org\/{rel}","templated":true}]}}