{"id":788,"date":"2021-09-09T15:05:55","date_gmt":"2021-09-09T15:05:55","guid":{"rendered":"https:\/\/flowerdesignmagnolia.fi\/?page_id=788"},"modified":"2025-01-28T15:17:28","modified_gmt":"2025-01-28T15:17:28","slug":"surukukat-2","status":"publish","type":"page","link":"https:\/\/flowerdesignmagnolia.fi\/index.php\/surukukat-2\/","title":{"rendered":"Surukukat"},"content":{"rendered":"\t\t<div data-elementor-type=\"wp-page\" data-elementor-id=\"788\" class=\"elementor elementor-788\" data-elementor-settings=\"[]\">\n\t\t\t\t\t\t\t<div class=\"elementor-section-wrap\">\n\t\t\t\t\t\t\t<section class=\"elementor-section elementor-top-section elementor-element elementor-element-2148e14 elementor-section-boxed elementor-section-height-default elementor-section-height-default\" data-id=\"2148e14\" data-element_type=\"section\" data-settings=\"{&quot;background_background&quot;:&quot;classic&quot;}\">\n\t\t\t\t\t\t\t<div class=\"elementor-background-overlay\"><\/div>\n\t\t\t\t\t\t\t<div class=\"elementor-container elementor-column-gap-default\">\n\t\t\t\t\t<div class=\"elementor-column elementor-col-100 elementor-top-column elementor-element elementor-element-65add0e8\" data-id=\"65add0e8\" data-element_type=\"column\">\n\t\t\t<div class=\"elementor-widget-wrap elementor-element-populated\">\n\t\t\t\t\t\t\t\t<div class=\"elementor-element elementor-element-4ef2231 elementor-invisible elementor-widget elementor-widget-heading\" data-id=\"4ef2231\" data-element_type=\"widget\" data-settings=\"{&quot;_animation&quot;:&quot;fadeInUp&quot;}\" data-widget_type=\"heading.default\">\n\t\t\t\t<div class=\"elementor-widget-container\">\n\t\t\t<h2 class=\"elementor-heading-title elementor-size-large\">Surukukat<\/h2>\t\t<\/div>\n\t\t\t\t<\/div>\n\t\t\t\t\t<\/div>\n\t\t<\/div>\n\t\t\t\t\t\t\t<\/div>\n\t\t<\/section>\n\t\t\t\t<section class=\"elementor-section elementor-top-section elementor-element elementor-element-8795c31 elementor-section-boxed elementor-section-height-default elementor-section-height-default\" data-id=\"8795c31\" data-element_type=\"section\">\n\t\t\t\t\t\t<div class=\"elementor-container elementor-column-gap-default\">\n\t\t\t\t\t<div class=\"elementor-column elementor-col-100 elementor-top-column elementor-element elementor-element-a630e06\" data-id=\"a630e06\" data-element_type=\"column\">\n\t\t\t<div class=\"elementor-widget-wrap elementor-element-populated\">\n\t\t\t\t\t\t\t\t<div class=\"elementor-element elementor-element-504b457 elementor-widget elementor-widget-heading\" data-id=\"504b457\" data-element_type=\"widget\" data-widget_type=\"heading.default\">\n\t\t\t\t<div class=\"elementor-widget-container\">\n\t\t\t<h2 class=\"elementor-heading-title elementor-size-default\">Kukkien avulla voit v\u00e4litt\u00e4\u00e4 tunteita ja osoittaa, miten paljon kaipaat.<\/h2>\t\t<\/div>\n\t\t\t\t<\/div>\n\t\t\t\t<div class=\"elementor-element elementor-element-4a40e7f elementor-widget elementor-widget-heading\" data-id=\"4a40e7f\" data-element_type=\"widget\" data-widget_type=\"heading.default\">\n\t\t\t\t<div class=\"elementor-widget-container\">\n\t\t\t<h2 class=\"elementor-heading-title elementor-size-default\">surulaitteet<\/h2>\t\t<\/div>\n\t\t\t\t<\/div>\n\t\t\t\t<div class=\"elementor-element elementor-element-c2bc34e elementor-widget elementor-widget-text-editor\" data-id=\"c2bc34e\" data-element_type=\"widget\" data-widget_type=\"text-editor.default\">\n\t\t\t\t<div class=\"elementor-widget-container\">\n\t\t\t\t\t\t\t<p>Hinnat alk. 80 euroa. Sis\u00e4lt\u00e4v\u00e4t kortin.<\/p>\t\t\t\t\t\t<\/div>\n\t\t\t\t<\/div>\n\t\t\t\t\t<\/div>\n\t\t<\/div>\n\t\t\t\t\t\t\t<\/div>\n\t\t<\/section>\n\t\t\t\t<section class=\"elementor-section elementor-top-section elementor-element elementor-element-3b768c2 elementor-section-boxed elementor-section-height-default elementor-section-height-default\" data-id=\"3b768c2\" data-element_type=\"section\">\n\t\t\t\t\t\t<div class=\"elementor-container elementor-column-gap-default\">\n\t\t\t\t\t<div class=\"elementor-column elementor-col-100 elementor-top-column elementor-element elementor-element-63ef4e8\" data-id=\"63ef4e8\" data-element_type=\"column\">\n\t\t\t<div class=\"elementor-widget-wrap elementor-element-populated\">\n\t\t\t\t\t\t\t\t<div class=\"elementor-element elementor-element-6288f51 elementor-pagination-position-outside elementor-widget elementor-widget-image-carousel\" data-id=\"6288f51\" data-element_type=\"widget\" data-settings=\"{&quot;slides_to_show&quot;:&quot;3&quot;,&quot;slides_to_scroll&quot;:&quot;3&quot;,&quot;navigation&quot;:&quot;dots&quot;,&quot;slides_to_show_tablet&quot;:&quot;2&quot;,&quot;slides_to_show_mobile&quot;:&quot;1&quot;,&quot;autoplay&quot;:&quot;no&quot;,&quot;infinite&quot;:&quot;no&quot;,&quot;speed&quot;:500,&quot;image_spacing_custom&quot;:{&quot;unit&quot;:&quot;px&quot;,&quot;size&quot;:20,&quot;sizes&quot;:[]}}\" data-widget_type=\"image-carousel.default\">\n\t\t\t\t<div class=\"elementor-widget-container\">\n\t\t\t\t\t<div class=\"elementor-image-carousel-wrapper swiper-container\" dir=\"ltr\">\n\t\t\t<div class=\"elementor-image-carousel swiper-wrapper\">\n\t\t\t\t\t\t\t\t<div class=\"swiper-slide\"><figure class=\"swiper-slide-inner\"><img decoding=\"async\" class=\"swiper-slide-image\" src=\"https:\/\/flowerdesignmagnolia.fi\/wp-content\/uploads\/elementor\/thumbs\/IMG_6085-scaled-pd6tn6zi633haxavs8bijd9wsjf1s0f6rij19f4dbk.jpg\" alt=\"IMG_6085\" \/><\/figure><\/div><div class=\"swiper-slide\"><figure class=\"swiper-slide-inner\"><img decoding=\"async\" class=\"swiper-slide-image\" src=\"https:\/\/flowerdesignmagnolia.fi\/wp-content\/uploads\/elementor\/thumbs\/IMG_6818-scaled-pd6tot9hxtb9aqy8bxidtykhmfft18ujniz50kpyls.jpg\" alt=\"IMG_6818\" \/><\/figure><\/div><div class=\"swiper-slide\"><figure class=\"swiper-slide-inner\"><img decoding=\"async\" class=\"swiper-slide-image\" src=\"https:\/\/flowerdesignmagnolia.fi\/wp-content\/uploads\/elementor\/thumbs\/DSC_0074-scaled-pd8idvsza2ichn0i1xtrm2cmr7i5j6fdqmem3yw86o.jpg\" alt=\"DSC_0074\" \/><\/figure><\/div><div class=\"swiper-slide\"><figure class=\"swiper-slide-inner\"><img decoding=\"async\" class=\"swiper-slide-image\" src=\"https:\/\/flowerdesignmagnolia.fi\/wp-content\/uploads\/elementor\/thumbs\/DSC_0186-1-scaled-pda5k6b2bwpv2mn9n9pv2zrpllkfg4jcyl5ecuagds.jpg\" alt=\"DSC_0186\" \/><\/figure><\/div>\t\t\t<\/div>\n\t\t\t\t\t\t\t\t\t\t\t\t<div class=\"swiper-pagination\"><\/div>\n\t\t\t\t\t\t\t\t\t\t\t\t\t<\/div>\n\t\t\t\t<\/div>\n\t\t\t\t<\/div>\n\t\t\t\t<div class=\"elementor-element elementor-element-3b231a8 elementor-widget elementor-widget-heading\" data-id=\"3b231a8\" data-element_type=\"widget\" data-widget_type=\"heading.default\">\n\t\t\t\t<div class=\"elementor-widget-container\">\n\t\t\t<h2 class=\"elementor-heading-title elementor-size-default\">Surukimput<\/h2>\t\t<\/div>\n\t\t\t\t<\/div>\n\t\t\t\t<div class=\"elementor-element elementor-element-e8e661d elementor-widget elementor-widget-text-editor\" data-id=\"e8e661d\" data-element_type=\"widget\" data-widget_type=\"text-editor.default\">\n\t\t\t\t<div class=\"elementor-widget-container\">\n\t\t\t\t\t\t\t<p>Hinnat alk. 60 euroa. Sis\u00e4lt\u00e4v\u00e4t kortin.<\/p>\t\t\t\t\t\t<\/div>\n\t\t\t\t<\/div>\n\t\t\t\t<div class=\"elementor-element elementor-element-b5563bd elementor-pagination-position-outside elementor-widget elementor-widget-image-carousel\" data-id=\"b5563bd\" data-element_type=\"widget\" data-settings=\"{&quot;slides_to_show&quot;:&quot;3&quot;,&quot;slides_to_scroll&quot;:&quot;3&quot;,&quot;navigation&quot;:&quot;dots&quot;,&quot;slides_to_show_tablet&quot;:&quot;2&quot;,&quot;slides_to_show_mobile&quot;:&quot;1&quot;,&quot;autoplay&quot;:&quot;no&quot;,&quot;infinite&quot;:&quot;no&quot;,&quot;speed&quot;:500,&quot;image_spacing_custom&quot;:{&quot;unit&quot;:&quot;px&quot;,&quot;size&quot;:20,&quot;sizes&quot;:[]}}\" data-widget_type=\"image-carousel.default\">\n\t\t\t\t<div class=\"elementor-widget-container\">\n\t\t\t\t\t<div class=\"elementor-image-carousel-wrapper swiper-container\" dir=\"ltr\">\n\t\t\t<div class=\"elementor-image-carousel swiper-wrapper swiper-image-stretch\">\n\t\t\t\t\t\t\t\t<div class=\"swiper-slide\"><figure class=\"swiper-slide-inner\"><img decoding=\"async\" class=\"swiper-slide-image\" src=\"https:\/\/flowerdesignmagnolia.fi\/wp-content\/uploads\/elementor\/thumbs\/DSC_0360-1-scaled-pd6u3uohglrr97k72bmcex3hktkhnvnhzh3hb7jrnk.jpg\" alt=\"DSC_0360\" \/><\/figure><\/div><div class=\"swiper-slide\"><figure class=\"swiper-slide-inner\"><img decoding=\"async\" class=\"swiper-slide-image\" src=\"https:\/\/flowerdesignmagnolia.fi\/wp-content\/uploads\/elementor\/thumbs\/DSC_0085-scaled-pd6u8g42vg280kvw8b4olrcm4mx3alw9a7wxrwqh8g.jpg\" alt=\"DSC_0085\" \/><\/figure><\/div><div class=\"swiper-slide\"><figure class=\"swiper-slide-inner\"><img decoding=\"async\" class=\"swiper-slide-image\" src=\"https:\/\/flowerdesignmagnolia.fi\/wp-content\/uploads\/elementor\/thumbs\/DSC_0645-1-scaled-pd6uabsgjimv8i5l94dtla9swdniotcxjivwbty4sg.jpg\" alt=\"DSC_0645\" \/><\/figure><\/div><div class=\"swiper-slide\"><figure class=\"swiper-slide-inner\"><img decoding=\"async\" class=\"swiper-slide-image\" src=\"https:\/\/flowerdesignmagnolia.fi\/wp-content\/uploads\/elementor\/thumbs\/DSC_0347-1-scaled-pd6u5njck68jiaxzjlnloyqakeotezsz8e3zfavlq8.jpg\" alt=\"DSC_0347\" \/><\/figure><\/div><div class=\"swiper-slide\"><figure class=\"swiper-slide-inner\"><img decoding=\"async\" class=\"swiper-slide-image\" src=\"https:\/\/flowerdesignmagnolia.fi\/wp-content\/uploads\/elementor\/thumbs\/IMG_6820-scaled-pd6udm84gn4zvddk1jktbgdvqxfrmof3zt32sp2j0g.jpg\" alt=\"IMG_6820\" \/><\/figure><\/div><div class=\"swiper-slide\"><figure class=\"swiper-slide-inner\"><img decoding=\"async\" class=\"swiper-slide-image\" src=\"https:\/\/flowerdesignmagnolia.fi\/wp-content\/uploads\/elementor\/thumbs\/DSC_0059-pd8nxuytge4sq4zpvrs89uti9s3nlyf4hxb4lhij0g.jpg\" alt=\"DSC_0059\" \/><\/figure><\/div>\t\t\t<\/div>\n\t\t\t\t\t\t\t\t\t\t\t\t<div class=\"swiper-pagination\"><\/div>\n\t\t\t\t\t\t\t\t\t\t\t\t\t<\/div>\n\t\t\t\t<\/div>\n\t\t\t\t<\/div>\n\t\t\t\t\t<\/div>\n\t\t<\/div>\n\t\t\t\t\t\t\t<\/div>\n\t\t<\/section>\n\t\t\t\t<section class=\"elementor-section elementor-top-section elementor-element elementor-element-d383a0b elementor-section-boxed elementor-section-height-default elementor-section-height-default\" data-id=\"d383a0b\" data-element_type=\"section\">\n\t\t\t\t\t\t<div class=\"elementor-container elementor-column-gap-default\">\n\t\t\t\t\t<div class=\"elementor-column elementor-col-100 elementor-top-column elementor-element elementor-element-3115add\" data-id=\"3115add\" data-element_type=\"column\">\n\t\t\t<div class=\"elementor-widget-wrap elementor-element-populated\">\n\t\t\t\t\t\t\t\t<div class=\"elementor-element elementor-element-6ca314a elementor-widget elementor-widget-heading\" data-id=\"6ca314a\" data-element_type=\"widget\" data-widget_type=\"heading.default\">\n\t\t\t\t<div class=\"elementor-widget-container\">\n\t\t\t<h2 class=\"elementor-heading-title elementor-size-default\">arkkulaitteet<\/h2>\t\t<\/div>\n\t\t\t\t<\/div>\n\t\t\t\t<div class=\"elementor-element elementor-element-cfe2e63 elementor-widget elementor-widget-text-editor\" data-id=\"cfe2e63\" data-element_type=\"widget\" data-widget_type=\"text-editor.default\">\n\t\t\t\t<div class=\"elementor-widget-container\">\n\t\t\t\t\t\t\t<p>Hinnat alk. 90 euroa<\/p>\t\t\t\t\t\t<\/div>\n\t\t\t\t<\/div>\n\t\t\t\t<div class=\"elementor-element elementor-element-a3d29ff elementor-pagination-position-outside elementor-widget elementor-widget-image-carousel\" data-id=\"a3d29ff\" data-element_type=\"widget\" data-settings=\"{&quot;slides_to_show&quot;:&quot;3&quot;,&quot;slides_to_scroll&quot;:&quot;3&quot;,&quot;navigation&quot;:&quot;dots&quot;,&quot;slides_to_show_tablet&quot;:&quot;2&quot;,&quot;slides_to_show_mobile&quot;:&quot;1&quot;,&quot;autoplay&quot;:&quot;no&quot;,&quot;infinite&quot;:&quot;no&quot;,&quot;speed&quot;:500,&quot;image_spacing_custom&quot;:{&quot;unit&quot;:&quot;px&quot;,&quot;size&quot;:20,&quot;sizes&quot;:[]}}\" data-widget_type=\"image-carousel.default\">\n\t\t\t\t<div class=\"elementor-widget-container\">\n\t\t\t\t\t<div class=\"elementor-image-carousel-wrapper swiper-container\" dir=\"ltr\">\n\t\t\t<div class=\"elementor-image-carousel swiper-wrapper swiper-image-stretch\">\n\t\t\t\t\t\t\t\t<div class=\"swiper-slide\"><figure class=\"swiper-slide-inner\"><img decoding=\"async\" class=\"swiper-slide-image\" src=\"https:\/\/flowerdesignmagnolia.fi\/wp-content\/uploads\/elementor\/thumbs\/IMG_5371-scaled-r0oelokcva1419edtbn38p83278qgkjccj8y7wdpw8.jpeg\" alt=\"IMG_5371\" \/><\/figure><\/div><div class=\"swiper-slide\"><figure class=\"swiper-slide-inner\"><img decoding=\"async\" class=\"swiper-slide-image\" src=\"https:\/\/flowerdesignmagnolia.fi\/wp-content\/uploads\/elementor\/thumbs\/DSC_0099-scaled-pd6uvy2rwk1x2x6mk4ue19ixec03dicozkx3hbft5k.jpg\" alt=\"DSC_0099\" \/><\/figure><\/div><div class=\"swiper-slide\"><figure class=\"swiper-slide-inner\"><img decoding=\"async\" class=\"swiper-slide-image\" src=\"https:\/\/flowerdesignmagnolia.fi\/wp-content\/uploads\/elementor\/thumbs\/IMG_6090-1-scaled-pd6um4ngium3tjfzvw2nzqpm1ge2zbdmazmj19zu54.jpg\" alt=\"IMG_6090\" \/><\/figure><\/div><div class=\"swiper-slide\"><figure class=\"swiper-slide-inner\"><img decoding=\"async\" class=\"swiper-slide-image\" src=\"https:\/\/flowerdesignmagnolia.fi\/wp-content\/uploads\/elementor\/thumbs\/DSC_0048-1-1-scaled-pd6uqcxba0ek2dat6pw87oaa9vjjma64vxb6s3q254.jpg\" alt=\"DSC_0048 (1)\" \/><\/figure><\/div><div class=\"swiper-slide\"><figure class=\"swiper-slide-inner\"><img decoding=\"async\" class=\"swiper-slide-image\" src=\"https:\/\/flowerdesignmagnolia.fi\/wp-content\/uploads\/elementor\/thumbs\/DSC_0200-1-scaled-pd6v0mbvvwg8t4e89nklxl2fqaysnbwnapp0duic7s.jpg\" alt=\"DSC_0200\" \/><\/figure><\/div>\t\t\t<\/div>\n\t\t\t\t\t\t\t\t\t\t\t\t<div class=\"swiper-pagination\"><\/div>\n\t\t\t\t\t\t\t\t\t\t\t\t\t<\/div>\n\t\t\t\t<\/div>\n\t\t\t\t<\/div>\n\t\t\t\t\t<\/div>\n\t\t<\/div>\n\t\t\t\t\t\t\t<\/div>\n\t\t<\/section>\n\t\t\t\t\t\t<\/div>\n\t\t\t\t\t<\/div>\n\t\t","protected":false},"excerpt":{"rendered":"<p>Surukukat Kukkien avulla voit v\u00e4litt\u00e4\u00e4 tunteita ja osoittaa, miten paljon kaipaat. surulaitteet Hinnat alk. 80 euroa. Sis\u00e4lt\u00e4v\u00e4t kortin. Surukimput Hinnat alk. 60 euroa. Sis\u00e4lt\u00e4v\u00e4t kortin. arkkulaitteet Hinnat alk. 90 euroa<\/p>\n","protected":false},"author":1,"featured_media":0,"parent":0,"menu_order":0,"comment_status":"closed","ping_status":"closed","template":"","meta":{"footnotes":""},"_links":{"self":[{"href":"https:\/\/flowerdesignmagnolia.fi\/index.php\/wp-json\/wp\/v2\/pages\/788"}],"collection":[{"href":"https:\/\/flowerdesignmagnolia.fi\/index.php\/wp-json\/wp\/v2\/pages"}],"about":[{"href":"https:\/\/flowerdesignmagnolia.fi\/index.php\/wp-json\/wp\/v2\/types\/page"}],"author":[{"embeddable":true,"href":"https:\/\/flowerdesignmagnolia.fi\/index.php\/wp-json\/wp\/v2\/users\/1"}],"replies":[{"embeddable":true,"href":"https:\/\/flowerdesignmagnolia.fi\/index.php\/wp-json\/wp\/v2\/comments?post=788"}],"version-history":[{"count":130,"href":"https:\/\/flowerdesignmagnolia.fi\/index.php\/wp-json\/wp\/v2\/pages\/788\/revisions"}],"predecessor-version":[{"id":2202,"href":"https:\/\/flowerdesignmagnolia.fi\/index.php\/wp-json\/wp\/v2\/pages\/788\/revisions\/2202"}],"wp:attachment":[{"href":"https:\/\/flowerdesignmagnolia.fi\/index.php\/wp-json\/wp\/v2\/media?parent=788"}],"curies":[{"name":"wp","href":"https:\/\/api.w.org\/{rel}","templated":true}]}}