{"id":796,"date":"2021-09-10T08:55:38","date_gmt":"2021-09-10T08:55:38","guid":{"rendered":"https:\/\/flowerdesignmagnolia.fi\/?page_id=796"},"modified":"2025-01-28T15:03:51","modified_gmt":"2025-01-28T15:03:51","slug":"kimppugalleria","status":"publish","type":"page","link":"https:\/\/flowerdesignmagnolia.fi\/index.php\/kimppugalleria\/","title":{"rendered":"Kimppugalleria"},"content":{"rendered":"\t\t<div data-elementor-type=\"wp-page\" data-elementor-id=\"796\" class=\"elementor elementor-796\" data-elementor-settings=\"[]\">\n\t\t\t\t\t\t\t<div class=\"elementor-section-wrap\">\n\t\t\t\t\t\t\t<section class=\"elementor-section elementor-top-section elementor-element elementor-element-28f671fa elementor-section-boxed elementor-section-height-default elementor-section-height-default\" data-id=\"28f671fa\" data-element_type=\"section\" data-settings=\"{&quot;background_background&quot;:&quot;classic&quot;}\">\n\t\t\t\t\t\t\t<div class=\"elementor-background-overlay\"><\/div>\n\t\t\t\t\t\t\t<div class=\"elementor-container elementor-column-gap-default\">\n\t\t\t\t\t<div class=\"elementor-column elementor-col-100 elementor-top-column elementor-element elementor-element-3519e040\" data-id=\"3519e040\" data-element_type=\"column\">\n\t\t\t<div class=\"elementor-widget-wrap elementor-element-populated\">\n\t\t\t\t\t\t\t\t<div class=\"elementor-element elementor-element-39a205e5 elementor-invisible elementor-widget elementor-widget-heading\" data-id=\"39a205e5\" data-element_type=\"widget\" data-settings=\"{&quot;_animation&quot;:&quot;fadeInUp&quot;}\" data-widget_type=\"heading.default\">\n\t\t\t\t<div class=\"elementor-widget-container\">\n\t\t\t<h2 class=\"elementor-heading-title elementor-size-large\">kimppugalleria<\/h2>\t\t<\/div>\n\t\t\t\t<\/div>\n\t\t\t\t\t<\/div>\n\t\t<\/div>\n\t\t\t\t\t\t\t<\/div>\n\t\t<\/section>\n\t\t\t\t<section class=\"elementor-section elementor-top-section elementor-element elementor-element-0ac0b43 elementor-section-boxed elementor-section-height-default elementor-section-height-default\" data-id=\"0ac0b43\" data-element_type=\"section\">\n\t\t\t\t\t\t<div class=\"elementor-container elementor-column-gap-default\">\n\t\t\t\t\t<div class=\"elementor-column elementor-col-100 elementor-top-column elementor-element elementor-element-d9f4e17\" data-id=\"d9f4e17\" data-element_type=\"column\">\n\t\t\t<div class=\"elementor-widget-wrap elementor-element-populated\">\n\t\t\t\t\t\t\t\t<div class=\"elementor-element elementor-element-104f59a elementor-widget elementor-widget-heading\" data-id=\"104f59a\" data-element_type=\"widget\" data-widget_type=\"heading.default\">\n\t\t\t\t<div class=\"elementor-widget-container\">\n\t\t\t<h2 class=\"elementor-heading-title elementor-size-default\"><i>Kukkien avulla voit v\u00e4litt\u00e4\u00e4 suuria tunteita ja l\u00e4mpimi\u00e4 ajatuksia.<\/i><\/h2>\t\t<\/div>\n\t\t\t\t<\/div>\n\t\t\t\t<div class=\"elementor-element elementor-element-13febb3 elementor-widget elementor-widget-text-editor\" data-id=\"13febb3\" data-element_type=\"widget\" data-widget_type=\"text-editor.default\">\n\t\t\t\t<div class=\"elementor-widget-container\">\n\t\t\t\t\t\t\t<p>Kimppujen hinnat alk. 30 euroa<\/p>\t\t\t\t\t\t<\/div>\n\t\t\t\t<\/div>\n\t\t\t\t<div class=\"elementor-element elementor-element-3cc03d2 elementor-pagination-position-outside elementor-widget elementor-widget-image-carousel\" data-id=\"3cc03d2\" data-element_type=\"widget\" data-settings=\"{&quot;slides_to_show&quot;:&quot;3&quot;,&quot;slides_to_scroll&quot;:&quot;3&quot;,&quot;navigation&quot;:&quot;dots&quot;,&quot;slides_to_show_tablet&quot;:&quot;2&quot;,&quot;slides_to_show_mobile&quot;:&quot;1&quot;,&quot;autoplay&quot;:&quot;no&quot;,&quot;infinite&quot;:&quot;no&quot;,&quot;speed&quot;:500,&quot;image_spacing_custom&quot;:{&quot;unit&quot;:&quot;px&quot;,&quot;size&quot;:20,&quot;sizes&quot;:[]}}\" data-widget_type=\"image-carousel.default\">\n\t\t\t\t<div class=\"elementor-widget-container\">\n\t\t\t\t\t<div class=\"elementor-image-carousel-wrapper swiper-container\" dir=\"ltr\">\n\t\t\t<div class=\"elementor-image-carousel swiper-wrapper swiper-image-stretch\">\n\t\t\t\t\t\t\t\t<div class=\"swiper-slide\"><figure class=\"swiper-slide-inner\"><img decoding=\"async\" class=\"swiper-slide-image\" src=\"https:\/\/flowerdesignmagnolia.fi\/wp-content\/uploads\/elementor\/thumbs\/IMG_2848-scaled-r0odfmafgvzwsa4ulbgjbrd7dg39rx0u4ygec0ngbc.jpeg\" alt=\"IMG_2848\" \/><\/figure><\/div><div class=\"swiper-slide\"><figure class=\"swiper-slide-inner\"><img decoding=\"async\" class=\"swiper-slide-image\" src=\"https:\/\/flowerdesignmagnolia.fi\/wp-content\/uploads\/elementor\/thumbs\/DSC_0002-1-scaled-pdag7e49fgjzqmix6niz2x9o07fehrmfaihcvinzo8.jpg\" alt=\"DSC_0002\" \/><\/figure><\/div><div class=\"swiper-slide\"><figure class=\"swiper-slide-inner\"><img decoding=\"async\" class=\"swiper-slide-image\" src=\"https:\/\/flowerdesignmagnolia.fi\/wp-content\/uploads\/elementor\/thumbs\/DSC_0055-1-scaled-pd3qq3vts83rh607uxlwmn6sqnipd7vxer1gc0aa8o.jpg\" alt=\"DSC_0055 (1)\" \/><\/figure><\/div><div class=\"swiper-slide\"><figure class=\"swiper-slide-inner\"><img decoding=\"async\" class=\"swiper-slide-image\" src=\"https:\/\/flowerdesignmagnolia.fi\/wp-content\/uploads\/elementor\/thumbs\/DSC_0092-scaled-pd8ikbz2yakvgi63ngod62l57qel8frq9py1jtwpjs.jpg\" alt=\"DSC_0092\" \/><\/figure><\/div><div class=\"swiper-slide\"><figure class=\"swiper-slide-inner\"><img decoding=\"async\" class=\"swiper-slide-image\" src=\"https:\/\/flowerdesignmagnolia.fi\/wp-content\/uploads\/elementor\/thumbs\/WFGQ1622-pd3qrtx6bagorfi3sofa77j7y30xh8q7na3i09qau0.jpg\" alt=\"WFGQ1622\" \/><\/figure><\/div><div class=\"swiper-slide\"><figure class=\"swiper-slide-inner\"><img decoding=\"async\" class=\"swiper-slide-image\" src=\"https:\/\/flowerdesignmagnolia.fi\/wp-content\/uploads\/elementor\/thumbs\/003-scaled-pd8iponzvbwnkke7e9yvv7ymzq0u2e0pc7okxjz048.jpg\" alt=\"003\" \/><\/figure><\/div><div class=\"swiper-slide\"><figure class=\"swiper-slide-inner\"><img decoding=\"async\" class=\"swiper-slide-image\" src=\"https:\/\/flowerdesignmagnolia.fi\/wp-content\/uploads\/elementor\/thumbs\/DSC_0345-scaled-pd8q08x0xbc2nb0a7rr8cypwmfvw6odhfrzaw2o21k.jpg\" alt=\"DSC_0345\" \/><\/figure><\/div><div class=\"swiper-slide\"><figure class=\"swiper-slide-inner\"><img decoding=\"async\" class=\"swiper-slide-image\" src=\"https:\/\/flowerdesignmagnolia.fi\/wp-content\/uploads\/elementor\/thumbs\/075-scaled-pdag10rn3vu11rs2dwe06j5726tubmbx2zavs041ug.jpg\" alt=\"075\" \/><\/figure><\/div><div class=\"swiper-slide\"><figure class=\"swiper-slide-inner\"><img decoding=\"async\" class=\"swiper-slide-image\" src=\"https:\/\/flowerdesignmagnolia.fi\/wp-content\/uploads\/elementor\/thumbs\/DSC_0001-scaled-pdag2pv5g45o0fbbh4sr6lq5o8gp7y2gzdpfyzlgm0.jpg\" alt=\"DSC_0001\" \/><\/figure><\/div>\t\t\t<\/div>\n\t\t\t\t\t\t\t\t\t\t\t\t<div class=\"swiper-pagination\"><\/div>\n\t\t\t\t\t\t\t\t\t\t\t\t\t<\/div>\n\t\t\t\t<\/div>\n\t\t\t\t<\/div>\n\t\t\t\t\t<\/div>\n\t\t<\/div>\n\t\t\t\t\t\t\t<\/div>\n\t\t<\/section>\n\t\t\t\t\t\t<\/div>\n\t\t\t\t\t<\/div>\n\t\t","protected":false},"excerpt":{"rendered":"<p>kimppugalleria Kukkien avulla voit v\u00e4litt\u00e4\u00e4 suuria tunteita ja l\u00e4mpimi\u00e4 ajatuksia. Kimppujen hinnat alk. 30 euroa<\/p>\n","protected":false},"author":1,"featured_media":0,"parent":0,"menu_order":0,"comment_status":"closed","ping_status":"closed","template":"","meta":{"footnotes":""},"_links":{"self":[{"href":"https:\/\/flowerdesignmagnolia.fi\/index.php\/wp-json\/wp\/v2\/pages\/796"}],"collection":[{"href":"https:\/\/flowerdesignmagnolia.fi\/index.php\/wp-json\/wp\/v2\/pages"}],"about":[{"href":"https:\/\/flowerdesignmagnolia.fi\/index.php\/wp-json\/wp\/v2\/types\/page"}],"author":[{"embeddable":true,"href":"https:\/\/flowerdesignmagnolia.fi\/index.php\/wp-json\/wp\/v2\/users\/1"}],"replies":[{"embeddable":true,"href":"https:\/\/flowerdesignmagnolia.fi\/index.php\/wp-json\/wp\/v2\/comments?post=796"}],"version-history":[{"count":73,"href":"https:\/\/flowerdesignmagnolia.fi\/index.php\/wp-json\/wp\/v2\/pages\/796\/revisions"}],"predecessor-version":[{"id":2185,"href":"https:\/\/flowerdesignmagnolia.fi\/index.php\/wp-json\/wp\/v2\/pages\/796\/revisions\/2185"}],"wp:attachment":[{"href":"https:\/\/flowerdesignmagnolia.fi\/index.php\/wp-json\/wp\/v2\/media?parent=796"}],"curies":[{"name":"wp","href":"https:\/\/api.w.org\/{rel}","templated":true}]}}